{"id":498,"date":"2024-07-02T16:16:11","date_gmt":"2024-07-02T16:16:11","guid":{"rendered":"https:\/\/rinotest.uske.ch\/?page_id=498"},"modified":"2024-07-02T16:17:13","modified_gmt":"2024-07-02T16:17:13","slug":"preisliste","status":"publish","type":"page","link":"https:\/\/rinotest.uske.ch\/?page_id=498","title":{"rendered":"Preisliste"},"content":{"rendered":"\n<p><\/p>\n\n\n\n<p>Pro weitere Farbe oder Wollkn\u00e4uel\u00a0\u00a0 5.- mehr<br>Schriftzug ins Produkt gestickt 10.- mehr\u00a0<br>Spezialmuster in dem Produkt gestrickt 8.- Zuschlag<\/p>\n\n\n\n<p>Socken 1-Farbig                45.-<br>Socken 2-Farbig\u00a0\u00a0\u00a0\u00a0\u00a0\u00a0\u00a0\u00a0\u00a0\u00a0\u00a0\u00a0\u00a0\u00a0\u00a0 50.-<br>Socken Restwolle\u00a0\u00a0\u00a0\u00a0\u00a0\u00a0\u00a0\u00a0\u00a0 \u00a0 \u00a0\u00a040.-<br>Socken ohne Ferse\u00a0\u00a0\u00a0\u00a0\u00a0\u00a0\u00a0\u00a0\u00a0 40.-<\/p>\n\n\n\n<p>M\u00fctzen 1-Farbig\u00a0\u00a0\u00a0\u00a0\u00a0\u00a0\u00a0\u00a0\u00a0\u00a0\u00a0\u00a0\u00a0 45.-<br>M\u00fctzen 2-Farbig\u00a0\u00a0\u00a0\u00a0\u00a0\u00a0\u00a0\u00a0\u00a0\u00a0\u00a0\u00a0\u00a0 50.-<br>M\u00fctzen Restwolle\u00a0\u00a0\u00a0\u00a0\u00a0\u00a0\u00a0\u00a0\u00a0\u00a0 40.-<\/p>\n\n\n\n<p>Schal 1-Farbig\u00a0\u00a0\u00a0\u00a0\u00a0\u00a0\u00a0\u00a0\u00a0\u00a0\u00a0\u00a0\u00a0\u00a0\u00a0\u00a0\u00a0\u00a0 50.-<br>Schal 2-Farbig\u00a0\u00a0\u00a0\u00a0 **\u00a0\u00a0\u00a0\u00a0\u00a0\u00a0\u00a0\u00a0\u00a0\u00a0\u00a0 60.-<br>Schal Restwolle\u00a0\u00a0\u00a0\u00a0\u00a0\u00a0\u00a0\u00a0\u00a0\u00a0\u00a0\u00a0\u00a0\u00a0\u00a0 45.-<br>Loopschal\u00a0\u00a0\u00a0\u00a0\u00a0\u00a0\u00a0\u00a0\u00a0\u00a0\u00a0\u00a0\u00a0\u00a0\u00a0\u00a0\u00a0\u00a0\u00a0\u00a0\u00a0\u00a0\u00a0\u00a0 55.-<\/p>\n\n\n\n<p>Mittli\/Handw\u00e4rmer 1-Farbig\u00a0\u00a0\u00a0\u00a0\u00a0\u00a0\u00a0 40.-<br>Mittli\/Handw\u00e4rmer 2-Farbig\u00a0\u00a0\u00a0\u00a0\u00a0\u00a0\u00a0\u00a0 45.-<br>Mittli\/Handw\u00e4rmer\u00a0\u00a0 Restwolle\u00a0\u00a0\u00a0\u00a0 35.-<\/p>\n\n\n\n<p>Flaschentasche 1-Farbig\u00a0\u00a0\u00a0\u00a0\u00a0\u00a0 40.-<br>Flaschentasche 2-Farbig\u00a0\u00a0\u00a0\u00a0\u00a0\u00a0 45.-<br>Flaschentasche Restwolle\u00a0\u00a0\u00a0\u00a0 35.-<\/p>\n\n\n\n<p>Amigurumi\/Kuscheltiere&nbsp;&nbsp;&nbsp;&nbsp;&nbsp; 50.-<\/p>\n\n\n\n<p>Adventskalender Preis an Anfrage<\/p>\n\n\n\n<p>Besteckset 1- Farbig 50.-<br>Besteckset 2-Farbig 55.-<br>Besteckset Restwolle 45.-<\/p>\n\n\n\n<p>Eierw\u00e4rmer 1-Farbig 35.-<br>Eierw\u00e4rmer 2-Frbig 40.-<br>Eierw\u00e4rmer Restwolle 30.-<br>Eierw\u00e4rmer Tier 40.-<\/p>\n\n\n\n<p>Patchworkdecke   1mx1m                       210.-<br>Patchworkdecke  Restwolle 1mx1m       185.-<\/p>\n\n\n\n<p>**&nbsp;&nbsp;&nbsp; Preis pro Farbe ist beim Schal durch grossen Mehraufwand und Gr\u00f6sse des Produkts auf 10.- gestiegen.<\/p>\n","protected":false},"excerpt":{"rendered":"<p>Pro weitere Farbe oder Wollkn\u00e4uel\u00a0\u00a0 5.- mehrSchriftzug ins Produkt gestickt 10.- mehr\u00a0Spezialmuster in dem Produkt gestrickt 8.- Zuschlag Socken 1-Farbig 45.-Socken 2-Farbig\u00a0\u00a0\u00a0\u00a0\u00a0\u00a0\u00a0\u00a0\u00a0\u00a0\u00a0\u00a0\u00a0\u00a0\u00a0 50.-Socken Restwolle\u00a0\u00a0\u00a0\u00a0\u00a0\u00a0\u00a0\u00a0\u00a0 \u00a0 \u00a0\u00a040.-Socken ohne Ferse\u00a0\u00a0\u00a0\u00a0\u00a0\u00a0\u00a0\u00a0\u00a0 40.- M\u00fctzen 1-Farbig\u00a0\u00a0\u00a0\u00a0\u00a0\u00a0\u00a0\u00a0\u00a0\u00a0\u00a0\u00a0\u00a0 45.-M\u00fctzen 2-Farbig\u00a0\u00a0\u00a0\u00a0\u00a0\u00a0\u00a0\u00a0\u00a0\u00a0\u00a0\u00a0\u00a0 50.-M\u00fctzen Restwolle\u00a0\u00a0\u00a0\u00a0\u00a0\u00a0\u00a0\u00a0\u00a0\u00a0 40.- Schal 1-Farbig\u00a0\u00a0\u00a0\u00a0\u00a0\u00a0\u00a0\u00a0\u00a0\u00a0\u00a0\u00a0\u00a0\u00a0\u00a0\u00a0\u00a0\u00a0 50.-Schal 2-Farbig\u00a0\u00a0\u00a0\u00a0 **\u00a0\u00a0\u00a0\u00a0\u00a0\u00a0\u00a0\u00a0\u00a0\u00a0\u00a0 60.-Schal Restwolle\u00a0\u00a0\u00a0\u00a0\u00a0\u00a0\u00a0\u00a0\u00a0\u00a0\u00a0\u00a0\u00a0\u00a0\u00a0 45.-Loopschal\u00a0\u00a0\u00a0\u00a0\u00a0\u00a0\u00a0\u00a0\u00a0\u00a0\u00a0\u00a0\u00a0\u00a0\u00a0\u00a0\u00a0\u00a0\u00a0\u00a0\u00a0\u00a0\u00a0\u00a0 55.- Mittli\/Handw\u00e4rmer 1-Farbig\u00a0\u00a0\u00a0\u00a0\u00a0\u00a0\u00a0 40.-Mittli\/Handw\u00e4rmer 2-Farbig\u00a0\u00a0\u00a0\u00a0\u00a0\u00a0\u00a0\u00a0 45.-Mittli\/Handw\u00e4rmer\u00a0\u00a0 Restwolle\u00a0\u00a0\u00a0\u00a0 35.- Flaschentasche 1-Farbig\u00a0\u00a0\u00a0\u00a0\u00a0\u00a0 40.-Flaschentasche [&hellip;]<\/p>\n","protected":false},"author":2,"featured_media":0,"parent":495,"menu_order":2,"comment_status":"closed","ping_status":"closed","template":"","meta":{"footnotes":""},"class_list":["post-498","page","type-page","status-publish","hentry","post-preview"],"_links":{"self":[{"href":"https:\/\/rinotest.uske.ch\/index.php?rest_route=\/wp\/v2\/pages\/498","targetHints":{"allow":["GET"]}}],"collection":[{"href":"https:\/\/rinotest.uske.ch\/index.php?rest_route=\/wp\/v2\/pages"}],"about":[{"href":"https:\/\/rinotest.uske.ch\/index.php?rest_route=\/wp\/v2\/types\/page"}],"author":[{"embeddable":true,"href":"https:\/\/rinotest.uske.ch\/index.php?rest_route=\/wp\/v2\/users\/2"}],"replies":[{"embeddable":true,"href":"https:\/\/rinotest.uske.ch\/index.php?rest_route=%2Fwp%2Fv2%2Fcomments&post=498"}],"version-history":[{"count":1,"href":"https:\/\/rinotest.uske.ch\/index.php?rest_route=\/wp\/v2\/pages\/498\/revisions"}],"predecessor-version":[{"id":500,"href":"https:\/\/rinotest.uske.ch\/index.php?rest_route=\/wp\/v2\/pages\/498\/revisions\/500"}],"up":[{"embeddable":true,"href":"https:\/\/rinotest.uske.ch\/index.php?rest_route=\/wp\/v2\/pages\/495"}],"wp:attachment":[{"href":"https:\/\/rinotest.uske.ch\/index.php?rest_route=%2Fwp%2Fv2%2Fmedia&parent=498"}],"curies":[{"name":"wp","href":"https:\/\/api.w.org\/{rel}","templated":true}]}}